{"id":5167,"date":"2020-08-20T16:47:09","date_gmt":"2020-08-20T16:47:09","guid":{"rendered":"http:\/\/helenaanjos.com\/?page_id=5167"},"modified":"2020-09-08T17:23:55","modified_gmt":"2020-09-08T17:23:55","slug":"supervisao-em-coaching","status":"publish","type":"page","link":"https:\/\/helenaanjos.com\/en_en\/supervisao-em-coaching\/","title":{"rendered":"Supervis\u00e3o em Coaching"},"content":{"rendered":"<div  class=\"content_row row vc_row wpb_row  default-style fullwidth\">\n\t\n\t<div class=\"content_row_wrapper  default\">\n\t<div class=\"center vc_col-sm-12 wpb_column vc_column_container rt-7030055 has-bg-image has-custom-bg custom_bg rt-column-container\"><div class=\"rt-parallax-background has-bg-image\" data-rt-parallax-direction=\"-1\" data-rt-parallax-effect=\"horizontal\" data-rt-parallax-speed=\"1\" style=\"background-image: url(https:\/\/helenaanjos.com\/wp-content\/uploads\/2020\/08\/mentoring_topo.jpg);background-repeat: no-repeat!important;background-size: 50% auto!important;background-attachment: scroll!important;background-position: center center!important;\"><\/div>\n\t<div class=\"vc_column-inner rt-column-inner\">\n\t\t<div class=\"wpb_wrapper rt-wrapper\">\n\t\t\t<div class=\"vc_empty_space\"   style=\"height: 130px\"><span class=\"vc_empty_space_inner\"><\/span><\/div>\n\t<div class=\"wpb_text_column wpb_content_element\" >\n\t\t<div class=\"wpb_wrapper\">\n\t\t\t<h1>SUPERVISION<br \/>\nEM COACHING<\/h1>\n\n\t\t<\/div>\n\t<\/div>\n\n\t<div  class=\"wpb_single_image wpb_content_element vc_align_center\">\n\t\t\n\t\t<figure class=\"wpb_wrapper vc_figure\">\n\t\t\t<div class=\"vc_single_image-wrapper   vc_box_border_grey\"><img decoding=\"async\" width=\"150\" height=\"26\" src=\"https:\/\/helenaanjos.com\/wp-content\/uploads\/2020\/08\/separadorAzeitona-150x26.png\" class=\"vc_single_image-img attachment-thumbnail\" alt=\"\" \/><\/div>\n\t\t<\/figure>\n\t<\/div>\n\n\t\t<\/div>\n\t<\/div>\n\t<\/div>\n\n<\/div>\n<\/div>\n\n<div  class=\"content_row row vc_row wpb_row  default-style fullwidth\">\n\t\n\t<div class=\"content_row_wrapper  default\"><div class=\"center vc_col-sm-3 wpb_column vc_column_container rt-7369568 rt-column-container\">\n\t<div class=\"vc_column-inner rt-column-inner\">\n\t\t<div class=\"wpb_wrapper rt-wrapper\">\n\t\t\t\n\t\t<\/div>\n\t<\/div>\n\t<\/div>\n\n\t<div class=\"center vc_col-sm-6 wpb_column vc_column_container rt-9086654 rt-column-container\">\n\t<div class=\"vc_column-inner rt-column-inner\">\n\t\t<div class=\"wpb_wrapper rt-wrapper\">\n\t\t\t\n\t<div class=\"wpb_text_column wpb_content_element\" >\n\t\t<div class=\"wpb_wrapper\">\n\t\t\t<p class=\"p1\"><span class=\"s1\">Num processo de <b>Supervis\u00e3o em Coaching<\/b> foco-me no desenvolvimento do Coach e nos temas que o mesmo traz para as sess\u00f5es. <\/span><\/p>\n<p>&nbsp;<\/p>\n<hr class=\"hr_verde\" \/>\n\n\t\t<\/div>\n\t<\/div>\n\n\t\t<\/div>\n\t<\/div>\n\t<\/div>\n\n\t<div class=\"vc_col-sm-3 wpb_column vc_column_container rt-column-container\">\n\t<div class=\"vc_column-inner rt-column-inner\">\n\t\t<div class=\"wpb_wrapper rt-wrapper\">\n\t\t\t\n\t\t<\/div>\n\t<\/div>\n\t<\/div>\n<\/div>\n<\/div>\n\n<div  class=\"content_row row vc_row wpb_row  default-style fullwidth rt-6851533\">\n\t\n\t<div class=\"content_row_wrapper  default\"><div class=\"line-height-max vc_col-sm-6 wpb_column vc_column_container rt-6223793 rt-column-container\">\n\t<div class=\"vc_column-inner rt-column-inner\">\n\t\t<div class=\"wpb_wrapper rt-wrapper\">\n\t\t\t\n\t<div class=\"wpb_text_column wpb_content_element\" >\n\t\t<div class=\"wpb_wrapper\">\n\t\t\t<p class=\"p1\"><span class=\"s1\">De acordo com a <a href=\"https:\/\/emccportugal.org\/\" target=\"_blank\" rel=\"noopener noreferrer\">EMCC<\/a>, a Supervis\u00e3o de Coaching \u00e9 a intera\u00e7\u00e3o que ocorre quando o Coach partilha com o supervisor as experi\u00eancias que tem com os seus clientes, com o objetivo de receber apoio e estabelecer um di\u00e1logo reflexivo que produza uma aprendizagem colaborativa e beneficie o Coach, os seus clientes e as organiza\u00e7\u00f5es a que estes pertencem.<\/span><\/p>\n<p class=\"p1\"><span class=\"s1\">A Supervis\u00e3o tem um objetivo espec\u00edfico: refletir, individualmente ou em grupo, sobre o trabalho desenvolvido por cada Coach e aumentar a sua efic\u00e1cia a partir da explora\u00e7\u00e3o n\u00e3o s\u00f3 do que fez e far\u00e1 em futuras sess\u00f5es, mas tamb\u00e9m o \u201cquem\u201d do Coach, as suas emo\u00e7\u00f5es, cren\u00e7as, bloqueios e pontos cegos.<span class=\"Apple-converted-space\">\u00a0 \u00a0<\/span><\/span><\/p>\n<p class=\"p1\"><span class=\"s1\">Segundo Proctor, a supervis\u00e3o tem tr\u00eas fun\u00e7\u00f5es: normativa, formativa e restauradora, ou de apoio.<\/span><\/p>\n<p class=\"p1\"><span class=\"s1\">Nas sess\u00f5es de supervis\u00e3o utilizo o modelo dos <em>Sete Olhos<\/em> de Peter Hawkins.<\/span><\/p>\n\n\t\t<\/div>\n\t<\/div>\n\n\t\t<\/div>\n\t<\/div>\n\t<\/div>\n\n\t<div class=\"line-height-min vc_col-sm-6 wpb_column vc_column_container rt-4985826 rt-column-container\">\n\t<div class=\"vc_column-inner rt-column-inner\">\n\t\t<div class=\"wpb_wrapper rt-wrapper\">\n\t\t\t\n\t<div  class=\"wpb_single_image wpb_content_element vc_align_left  wpb_animate_when_almost_visible wpb_fadeIn fadeIn vc_custom_1598529640889\">\n\t\t\n\t\t<figure class=\"wpb_wrapper vc_figure\">\n\t\t\t<div class=\"vc_single_image-wrapper   vc_box_border_grey\"><img fetchpriority=\"high\" decoding=\"async\" width=\"600\" height=\"562\" src=\"https:\/\/helenaanjos.com\/wp-content\/uploads\/2020\/08\/supervisao-em-coaching.jpg\" class=\"vc_single_image-img attachment-full\" alt=\"\" srcset=\"https:\/\/helenaanjos.com\/wp-content\/uploads\/2020\/08\/supervisao-em-coaching.jpg 600w, https:\/\/helenaanjos.com\/wp-content\/uploads\/2020\/08\/supervisao-em-coaching-300x281.jpg 300w\" sizes=\"(max-width: 600px) 100vw, 600px\" \/><\/div>\n\t\t<\/figure>\n\t<\/div>\n<div class=\"vc_empty_space\"   style=\"height: 32px\"><span class=\"vc_empty_space_inner\"><\/span><\/div>\n\t\t<\/div>\n\t<\/div>\n\t<\/div>\n<\/div>\n<\/div>\n\n<div  class=\"content_row row vc_row wpb_row  default-style fullwidth\">\n\t\n\t<div class=\"content_row_wrapper  default\">\n\t<div class=\"vc_col-sm-12 wpb_column vc_column_container rt-column-container\">\n\t<div class=\"vc_column-inner rt-column-inner\">\n\t\t<div class=\"wpb_wrapper rt-wrapper\">\n\t\t\t<a href=\"https:\/\/helenaanjos.com\/en_en\/mentor-coaching-e-supervisao-em-coaching\/\" target=\"_self\" title=\"REGRESSAR A MENTOR COACHING E SUPERVIS\u00c3O EM COACHING\" class=\"read_more see-more-bt-text-black text small rt-3374910 aligncenter\"><span>REGRESSAR A MENTOR COACHING E SUPERVIS\u00c3O EM COACHING<\/span><\/a>\n\t\t<\/div>\n\t<\/div>\n\t<\/div>\n\n<\/div>\n<\/div>","protected":false},"excerpt":{"rendered":"SUPERVIS\u00c3O EM COACHING Num processo de Supervis\u00e3o em Coaching foco-me no desenvolvimento do Coach e nos temas que o mesmo traz para as sess\u00f5es. &nbsp; De acordo com a EMCC, a Supervis\u00e3o de Coaching \u00e9 a intera\u00e7\u00e3o que ocorre quando o Coach partilha com o supervisor as experi\u00eancias que tem com os seus clientes, com [...]","protected":false},"author":1,"featured_media":0,"parent":0,"menu_order":0,"comment_status":"closed","ping_status":"closed","template":"","meta":{"footnotes":""},"class_list":["post-5167","page","type-page","status-publish","hentry"],"_links":{"self":[{"href":"https:\/\/helenaanjos.com\/en_en\/wp-json\/wp\/v2\/pages\/5167","targetHints":{"allow":["GET"]}}],"collection":[{"href":"https:\/\/helenaanjos.com\/en_en\/wp-json\/wp\/v2\/pages"}],"about":[{"href":"https:\/\/helenaanjos.com\/en_en\/wp-json\/wp\/v2\/types\/page"}],"author":[{"embeddable":true,"href":"https:\/\/helenaanjos.com\/en_en\/wp-json\/wp\/v2\/users\/1"}],"replies":[{"embeddable":true,"href":"https:\/\/helenaanjos.com\/en_en\/wp-json\/wp\/v2\/comments?post=5167"}],"version-history":[{"count":14,"href":"https:\/\/helenaanjos.com\/en_en\/wp-json\/wp\/v2\/pages\/5167\/revisions"}],"predecessor-version":[{"id":5560,"href":"https:\/\/helenaanjos.com\/en_en\/wp-json\/wp\/v2\/pages\/5167\/revisions\/5560"}],"wp:attachment":[{"href":"https:\/\/helenaanjos.com\/en_en\/wp-json\/wp\/v2\/media?parent=5167"}],"curies":[{"name":"wp","href":"https:\/\/api.w.org\/{rel}","templated":true}]}}