{"id":5159,"date":"2020-08-20T16:38:50","date_gmt":"2020-08-20T16:38:50","guid":{"rendered":"http:\/\/helenaanjos.com\/?page_id=5159"},"modified":"2020-09-08T17:23:27","modified_gmt":"2020-09-08T17:23:27","slug":"mentor-coaching","status":"publish","type":"page","link":"https:\/\/helenaanjos.com\/en_en\/mentor-coaching\/","title":{"rendered":"Mentor Coaching"},"content":{"rendered":"<div  class=\"content_row row vc_row wpb_row  default-style fullwidth\">\n\t\n\t<div class=\"content_row_wrapper  default\">\n\t<div class=\"center vc_col-sm-12 wpb_column vc_column_container rt-2773521 has-bg-image has-custom-bg custom_bg rt-column-container\"><div class=\"rt-parallax-background has-bg-image\" data-rt-parallax-direction=\"-1\" data-rt-parallax-effect=\"horizontal\" data-rt-parallax-speed=\"1\" style=\"background-image: url(https:\/\/helenaanjos.com\/wp-content\/uploads\/2020\/08\/mentoring_topo.jpg);background-repeat: no-repeat!important;background-size: 50% auto!important;background-attachment: scroll!important;background-position: center center!important;\"><\/div>\n\t<div class=\"vc_column-inner rt-column-inner\">\n\t\t<div class=\"wpb_wrapper rt-wrapper\">\n\t\t\t<div class=\"vc_empty_space\"   style=\"height: 130px\"><span class=\"vc_empty_space_inner\"><\/span><\/div>\n\t<div class=\"wpb_text_column wpb_content_element\" >\n\t\t<div class=\"wpb_wrapper\">\n\t\t\t<h1>MENTOR<br \/>\nCOACHING<\/h1>\n\n\t\t<\/div>\n\t<\/div>\n\n\t<div  class=\"wpb_single_image wpb_content_element vc_align_center\">\n\t\t\n\t\t<figure class=\"wpb_wrapper vc_figure\">\n\t\t\t<div class=\"vc_single_image-wrapper   vc_box_border_grey\"><img decoding=\"async\" width=\"150\" height=\"26\" src=\"https:\/\/helenaanjos.com\/wp-content\/uploads\/2020\/08\/separadorAzeitona-150x26.png\" class=\"vc_single_image-img attachment-thumbnail\" alt=\"\" \/><\/div>\n\t\t<\/figure>\n\t<\/div>\n\n\t\t<\/div>\n\t<\/div>\n\t<\/div>\n\n<\/div>\n<\/div>\n\n<div  class=\"content_row row vc_row wpb_row  default-style fullwidth\">\n\t\n\t<div class=\"content_row_wrapper  default\"><div class=\"center vc_col-sm-3 wpb_column vc_column_container rt-7369568 rt-column-container\">\n\t<div class=\"vc_column-inner rt-column-inner\">\n\t\t<div class=\"wpb_wrapper rt-wrapper\">\n\t\t\t\n\t\t<\/div>\n\t<\/div>\n\t<\/div>\n\n\t<div class=\"center vc_col-sm-6 wpb_column vc_column_container rt-9086654 rt-column-container\">\n\t<div class=\"vc_column-inner rt-column-inner\">\n\t\t<div class=\"wpb_wrapper rt-wrapper\">\n\t\t\t\n\t<div class=\"wpb_text_column wpb_content_element\" >\n\t\t<div class=\"wpb_wrapper\">\n\t\t\t<p class=\"p2\"><span class=\"s1\">Acompanho processos de <b>Mentor Coaching<\/b> com Coaches que pretendem candidatar-se a membros credenciados da ICF, via Portf\u00f3lio, ou que querem refletir sobre a sua pr\u00e1tica e melhor\u00e1-la.<\/span><\/p>\n<p>&nbsp;<\/p>\n<hr class=\"hr_verde\" \/>\n\n\t\t<\/div>\n\t<\/div>\n\n\t\t<\/div>\n\t<\/div>\n\t<\/div>\n\n\t<div class=\"vc_col-sm-3 wpb_column vc_column_container rt-column-container\">\n\t<div class=\"vc_column-inner rt-column-inner\">\n\t\t<div class=\"wpb_wrapper rt-wrapper\">\n\t\t\t\n\t\t<\/div>\n\t<\/div>\n\t<\/div>\n<\/div>\n<\/div>\n\n<div  class=\"content_row row vc_row wpb_row  default-style fullwidth rt-9944438\">\n\t\n\t<div class=\"content_row_wrapper  default\"><div class=\"line-height-max vc_col-sm-6 wpb_column vc_column_container rt-6223793 rt-column-container\">\n\t<div class=\"vc_column-inner rt-column-inner\">\n\t\t<div class=\"wpb_wrapper rt-wrapper\">\n\t\t\t\n\t<div class=\"wpb_text_column wpb_content_element\" >\n\t\t<div class=\"wpb_wrapper\">\n\t\t\t<p class=\"p1\"><span class=\"s1\">Para David Clutterbuck, um mentor \u00e9 frequentemente intitulado como um \u2018<em>coach plus<\/em>\u2019, um Coach que utiliza a sua sabedoria para ajudar algu\u00e9m a tornar-se mais s\u00e1bio.<\/span><\/p>\n<p class=\"p1\"><span class=\"s1\">Vejo o Mentoring como uma atividade nobre na constru\u00e7\u00e3o da excel\u00eancia do Coaching. <\/span><\/p>\n<p class=\"p1\"><span class=\"s1\">Atrav\u00e9s de perguntas e de sess\u00f5es ao vivo, os <em>mentees<\/em> entendem, com seguran\u00e7a, cada compet\u00eancia e os respetivos marcadores.<\/span><\/p>\n<p class=\"p1\"><span class=\"s1\">O Mentor Coaching ocupa um lugar central na forma\u00e7\u00e3o do Coach. \u00c9 uma atividade focada em desenvolver compet\u00eancias de Coaching, na qual o Coach recebe <em>feedback<\/em> sobre o seu desempenho e sobre o que necessita de trabalhar para atingir a excel\u00eancia na sua profiss\u00e3o.<\/span><\/p>\n<p class=\"p1\"><span class=\"s1\">Tenho trabalhado com diferentes culturas e vivencio, com curiosidade, que o prop\u00f3sito dos clientes \u00e9 serem pessoas mais completas, aut\u00f3nomas, positivas e preparadas para gerir desconfortos.<\/span><\/p>\n<p class=\"p1\"><span class=\"s1\">Como <b>Master Practitioner da <\/b><a href=\"https:\/\/emccportugal.org\/\" target=\"_blank\" rel=\"noopener noreferrer\"><span class=\"s2\"><b>EMCC<\/b><\/span><\/a>, acompanho processos de mentoria com clientes que querem estar melhor preparados para responder a desafios di\u00e1rios.<\/span><\/p>\n\n\t\t<\/div>\n\t<\/div>\n\n\t\t<\/div>\n\t<\/div>\n\t<\/div>\n\n\t<div class=\"line-height-min vc_col-sm-6 wpb_column vc_column_container rt-4985826 rt-column-container\">\n\t<div class=\"vc_column-inner rt-column-inner\">\n\t\t<div class=\"wpb_wrapper rt-wrapper\">\n\t\t\t\n\t<div  class=\"wpb_single_image wpb_content_element vc_align_left  wpb_animate_when_almost_visible wpb_fadeIn fadeIn vc_custom_1598529615157\">\n\t\t\n\t\t<figure class=\"wpb_wrapper vc_figure\">\n\t\t\t<div class=\"vc_single_image-wrapper   vc_box_border_grey\"><img fetchpriority=\"high\" decoding=\"async\" width=\"600\" height=\"562\" src=\"https:\/\/helenaanjos.com\/wp-content\/uploads\/2020\/08\/mentor-coaching.jpg\" class=\"vc_single_image-img attachment-full\" alt=\"\" srcset=\"https:\/\/helenaanjos.com\/wp-content\/uploads\/2020\/08\/mentor-coaching.jpg 600w, https:\/\/helenaanjos.com\/wp-content\/uploads\/2020\/08\/mentor-coaching-300x281.jpg 300w\" sizes=\"(max-width: 600px) 100vw, 600px\" \/><\/div>\n\t\t<\/figure>\n\t<\/div>\n<div class=\"vc_empty_space\"   style=\"height: 32px\"><span class=\"vc_empty_space_inner\"><\/span><\/div>\n\t\t<\/div>\n\t<\/div>\n\t<\/div>\n<\/div>\n<\/div>\n\n<div  class=\"content_row row vc_row wpb_row  default-style fullwidth\">\n\t\n\t<div class=\"content_row_wrapper  default\">\n\t<div class=\"vc_col-sm-12 wpb_column vc_column_container rt-column-container\">\n\t<div class=\"vc_column-inner rt-column-inner\">\n\t\t<div class=\"wpb_wrapper rt-wrapper\">\n\t\t\t<a href=\"https:\/\/helenaanjos.com\/en_en\/mentor-coaching-e-supervisao-em-coaching\/\" target=\"_self\" title=\"REGRESSAR A MENTOR COACHING E SUPERVIS\u00c3O EM COACHING\" class=\"read_more see-more-bt-text-black text small rt-6661207 aligncenter\"><span>REGRESSAR A MENTOR COACHING E SUPERVIS\u00c3O EM COACHING<\/span><\/a>\n\t\t<\/div>\n\t<\/div>\n\t<\/div>\n\n<\/div>\n<\/div>","protected":false},"excerpt":{"rendered":"MENTOR COACHING Acompanho processos de Mentor Coaching com Coaches que pretendem candidatar-se a membros credenciados da ICF, via Portf\u00f3lio, ou que querem refletir sobre a sua pr\u00e1tica e melhor\u00e1-la. &nbsp; Para David Clutterbuck, um mentor \u00e9 frequentemente intitulado como um \u2018coach plus\u2019, um Coach que utiliza a sua sabedoria para ajudar algu\u00e9m a tornar-se mais [...]","protected":false},"author":1,"featured_media":0,"parent":0,"menu_order":0,"comment_status":"closed","ping_status":"closed","template":"","meta":{"footnotes":""},"class_list":["post-5159","page","type-page","status-publish","hentry"],"_links":{"self":[{"href":"https:\/\/helenaanjos.com\/en_en\/wp-json\/wp\/v2\/pages\/5159","targetHints":{"allow":["GET"]}}],"collection":[{"href":"https:\/\/helenaanjos.com\/en_en\/wp-json\/wp\/v2\/pages"}],"about":[{"href":"https:\/\/helenaanjos.com\/en_en\/wp-json\/wp\/v2\/types\/page"}],"author":[{"embeddable":true,"href":"https:\/\/helenaanjos.com\/en_en\/wp-json\/wp\/v2\/users\/1"}],"replies":[{"embeddable":true,"href":"https:\/\/helenaanjos.com\/en_en\/wp-json\/wp\/v2\/comments?post=5159"}],"version-history":[{"count":18,"href":"https:\/\/helenaanjos.com\/en_en\/wp-json\/wp\/v2\/pages\/5159\/revisions"}],"predecessor-version":[{"id":5559,"href":"https:\/\/helenaanjos.com\/en_en\/wp-json\/wp\/v2\/pages\/5159\/revisions\/5559"}],"wp:attachment":[{"href":"https:\/\/helenaanjos.com\/en_en\/wp-json\/wp\/v2\/media?parent=5159"}],"curies":[{"name":"wp","href":"https:\/\/api.w.org\/{rel}","templated":true}]}}