{"id":5157,"date":"2020-08-20T15:32:46","date_gmt":"2020-08-20T15:32:46","guid":{"rendered":"http:\/\/helenaanjos.com\/?page_id=5157"},"modified":"2020-08-20T15:32:46","modified_gmt":"2020-08-20T15:32:46","slug":"politica-de-cookies","status":"publish","type":"page","link":"https:\/\/helenaanjos.com\/en_en\/politica-de-cookies\/","title":{"rendered":"Cookies Policy"},"content":{"rendered":"<p>Usamos cookies para melhorar o desempenho e a sua experi\u00eancia como utilizador. Os cookies s\u00e3o pequenos ficheiros que armazenam dados no computador, TV, telem\u00f3vel ou outro dispositivo do titular dos dados que utilize determinados servi\u00e7os. Permitem que a entidade que coloca o cookie no dispositivo o reconhe\u00e7a em diferentes websites, servi\u00e7os, dispositivos e\/ou sess\u00f5es de navega\u00e7\u00e3o.<\/p>\n<p>A qualquer momento, o utilizador pode, atrav\u00e9s do seu navegador de internet (browser), decidir ser notificado sobre a rece\u00e7\u00e3o de cookies, bem como bloquear a respetiva entrada no seu sistema. A recusa de uso de cookies no site pode resultar na impossibilidade de ter acesso a algumas das suas \u00e1reas ou de receber informa\u00e7\u00e3o personalizada.<\/p>","protected":false},"excerpt":{"rendered":"<p>Usamos cookies para melhorar o desempenho e a sua experi\u00eancia como utilizador. Os cookies s\u00e3o pequenos ficheiros que armazenam dados no computador, TV, telem\u00f3vel ou outro dispositivo do titular dos dados que utilize determinados servi\u00e7os. Permitem que a entidade que coloca o cookie no dispositivo o reconhe\u00e7a em diferentes websites, servi\u00e7os, dispositivos e\/ou sess\u00f5es de [&hellip;]<\/p>\n","protected":false},"author":1,"featured_media":0,"parent":0,"menu_order":0,"comment_status":"closed","ping_status":"closed","template":"","meta":{"footnotes":""},"class_list":["post-5157","page","type-page","status-publish","hentry"],"_links":{"self":[{"href":"https:\/\/helenaanjos.com\/en_en\/wp-json\/wp\/v2\/pages\/5157","targetHints":{"allow":["GET"]}}],"collection":[{"href":"https:\/\/helenaanjos.com\/en_en\/wp-json\/wp\/v2\/pages"}],"about":[{"href":"https:\/\/helenaanjos.com\/en_en\/wp-json\/wp\/v2\/types\/page"}],"author":[{"embeddable":true,"href":"https:\/\/helenaanjos.com\/en_en\/wp-json\/wp\/v2\/users\/1"}],"replies":[{"embeddable":true,"href":"https:\/\/helenaanjos.com\/en_en\/wp-json\/wp\/v2\/comments?post=5157"}],"version-history":[{"count":1,"href":"https:\/\/helenaanjos.com\/en_en\/wp-json\/wp\/v2\/pages\/5157\/revisions"}],"predecessor-version":[{"id":5158,"href":"https:\/\/helenaanjos.com\/en_en\/wp-json\/wp\/v2\/pages\/5157\/revisions\/5158"}],"wp:attachment":[{"href":"https:\/\/helenaanjos.com\/en_en\/wp-json\/wp\/v2\/media?parent=5157"}],"curies":[{"name":"wp","href":"https:\/\/api.w.org\/{rel}","templated":true}]}}