{"id":4966,"date":"2020-08-17T15:53:52","date_gmt":"2020-08-17T15:53:52","guid":{"rendered":"http:\/\/helenaanjos.com\/?page_id=4966"},"modified":"2020-09-04T15:10:07","modified_gmt":"2020-09-04T15:10:07","slug":"mentor-coaching-e-supervisao-em-coaching","status":"publish","type":"page","link":"https:\/\/helenaanjos.com\/en_en\/mentor-coaching-e-supervisao-em-coaching\/","title":{"rendered":"Mentor Coaching &amp; Coaching Supervision"},"content":{"rendered":"<div  class=\"content_row row vc_row wpb_row  default-style fullwidth\">\n\t\n\t<div class=\"content_row_wrapper  default\">\n\t<div class=\"center vc_col-sm-12 wpb_column vc_column_container rt-7361516 has-bg-image has-custom-bg custom_bg rt-column-container\"><div class=\"rt-parallax-background has-bg-image\" data-rt-parallax-direction=\"-1\" data-rt-parallax-effect=\"horizontal\" data-rt-parallax-speed=\"1\" style=\"background-image: url(https:\/\/helenaanjos.com\/wp-content\/uploads\/2020\/08\/mentor_supervisao_topo.jpg);background-repeat: no-repeat!important;background-size: 50% auto!important;background-attachment: scroll!important;background-position: center center!important;\"><\/div>\n\t<div class=\"vc_column-inner rt-column-inner\">\n\t\t<div class=\"wpb_wrapper rt-wrapper\">\n\t\t\t<div class=\"vc_empty_space\"   style=\"height: 130px\"><span class=\"vc_empty_space_inner\"><\/span><\/div>\n\t<div class=\"wpb_text_column wpb_content_element\" >\n\t\t<div class=\"wpb_wrapper\">\n\t\t\t<h1>MENTOR COACHING<br \/>\nE SUPERVIS\u00c3O EM COACHING<\/h1>\n\n\t\t<\/div>\n\t<\/div>\n\n\t<div  class=\"wpb_single_image wpb_content_element vc_align_center\">\n\t\t\n\t\t<figure class=\"wpb_wrapper vc_figure\">\n\t\t\t<div class=\"vc_single_image-wrapper   vc_box_border_grey\"><img decoding=\"async\" width=\"150\" height=\"26\" src=\"https:\/\/helenaanjos.com\/wp-content\/uploads\/2020\/08\/separadorAzeitona-150x26.png\" class=\"vc_single_image-img attachment-thumbnail\" alt=\"\" \/><\/div>\n\t\t<\/figure>\n\t<\/div>\n\n\t\t<\/div>\n\t<\/div>\n\t<\/div>\n\n<\/div>\n<\/div>\n\n<div  class=\"content_row row vc_row wpb_row  default-style fullwidth\">\n\t\n\t<div class=\"content_row_wrapper  default\"><div class=\"center vc_col-sm-3 wpb_column vc_column_container rt-7369568 rt-column-container\">\n\t<div class=\"vc_column-inner rt-column-inner\">\n\t\t<div class=\"wpb_wrapper rt-wrapper\">\n\t\t\t\n\t\t<\/div>\n\t<\/div>\n\t<\/div>\n\n\t<div class=\"center vc_col-sm-6 wpb_column vc_column_container rt-9086654 rt-column-container\">\n\t<div class=\"vc_column-inner rt-column-inner\">\n\t\t<div class=\"wpb_wrapper rt-wrapper\">\n\t\t\t\n\t<div class=\"wpb_text_column wpb_content_element\" >\n\t\t<div class=\"wpb_wrapper\">\n\t\t\t<p>O <strong>Mentor Coaching e a Supervis\u00e3o em Coaching <\/strong>s\u00e3o atividades que se complementam para apoiar o desenvolvimento do Coach, mas t\u00eam focos diferentes.<\/p>\n\n\t\t<\/div>\n\t<\/div>\n\n\t<div class=\"wpb_text_column wpb_content_element\" >\n\t\t<div class=\"wpb_wrapper\">\n\t\t\t<hr class=\"hr_verde\" \/>\n\n\t\t<\/div>\n\t<\/div>\n\n\t\t<\/div>\n\t<\/div>\n\t<\/div>\n\n\t<div class=\"vc_col-sm-3 wpb_column vc_column_container rt-column-container\">\n\t<div class=\"vc_column-inner rt-column-inner\">\n\t\t<div class=\"wpb_wrapper rt-wrapper\">\n\t\t\t\n\t\t<\/div>\n\t<\/div>\n\t<\/div>\n<\/div>\n<\/div>\n\n<div  class=\"content_row row vc_row wpb_row  default-style fullwidth rt-9719269\">\n\t\n\t<div class=\"content_row_wrapper  default\"><div class=\"line-height-max vc_col-sm-6 wpb_column vc_column_container rt-6223793 rt-column-container\">\n\t<div class=\"vc_column-inner rt-column-inner\">\n\t\t<div class=\"wpb_wrapper rt-wrapper\">\n\t\t\t\n\t<div class=\"wpb_text_column wpb_content_element\" >\n\t\t<div class=\"wpb_wrapper\">\n\t\t\t<p>De acordo com a <a href=\"https:\/\/www.icf.pt\/\" target=\"_blank\" rel=\"noopener noreferrer\">ICF<\/a>, o<strong> Mentor Coach<\/strong> foca-se especificamente no desenvolvimento das compet\u00eancias de Coaching, a partir da observa\u00e7\u00e3o e\/ou escuta de uma sess\u00e3o. Assim, utilizando o di\u00e1logo, o Mentor Coach explora a sess\u00e3o apresentada e identifica as compet\u00eancias que est\u00e3o presentes e as que n\u00e3o foram utilizadas. Neste contexto, e com base num <em>feedback<\/em> construtivo, Mentor Coach e Coach trabalham juntos na identifica\u00e7\u00e3o dos pontos fortes e pontos a melhorar.<\/p>\n<p>Na <strong>Supervis\u00e3o em Coaching<\/strong>, por outro lado, o Supervisor foca-se na explora\u00e7\u00e3o do <em>Quem<\/em> do Coach e no que acontece com as intera\u00e7\u00f5es com o Coachee. O objetivo principal da Supervis\u00e3o \u00e9 trabalhar sobre as inquieta\u00e7\u00f5es, os desafios e as cren\u00e7as que o Coach tem no seu contexto de trabalho, valorizando a exposi\u00e7\u00e3o da vulnerabilidade, a autenticidade e o n\u00e3o se sentir julgado. Para que o Coach se expresse abertamente no decurso das sess\u00f5es, \u00e9 fundamental que o Supervisor crie um espa\u00e7o de confian\u00e7a.<\/p>\n\n\t\t<\/div>\n\t<\/div>\n\n\t\t<\/div>\n\t<\/div>\n\t<\/div>\n\n\t<div class=\"line-height-min vc_col-sm-6 wpb_column vc_column_container rt-4985826 rt-column-container\">\n\t<div class=\"vc_column-inner rt-column-inner\">\n\t\t<div class=\"wpb_wrapper rt-wrapper\">\n\t\t\t\n\t<div  class=\"wpb_single_image wpb_content_element vc_align_left  wpb_animate_when_almost_visible wpb_fadeIn fadeIn vc_custom_1598529414598\">\n\t\t\n\t\t<figure class=\"wpb_wrapper vc_figure\">\n\t\t\t<div class=\"vc_single_image-wrapper   vc_box_border_grey\"><img fetchpriority=\"high\" decoding=\"async\" width=\"600\" height=\"562\" src=\"https:\/\/helenaanjos.com\/wp-content\/uploads\/2020\/08\/mentor-e-supervisao-em-coaching.jpg\" class=\"vc_single_image-img attachment-full\" alt=\"\" srcset=\"https:\/\/helenaanjos.com\/wp-content\/uploads\/2020\/08\/mentor-e-supervisao-em-coaching.jpg 600w, https:\/\/helenaanjos.com\/wp-content\/uploads\/2020\/08\/mentor-e-supervisao-em-coaching-300x281.jpg 300w\" sizes=\"(max-width: 600px) 100vw, 600px\" \/><\/div>\n\t\t<\/figure>\n\t<\/div>\n<div class=\"vc_empty_space\"   style=\"height: 32px\"><span class=\"vc_empty_space_inner\"><\/span><\/div>\n\t\t<\/div>\n\t<\/div>\n\t<\/div>\n<\/div>\n<\/div>\n\n<div  class=\"content_row row vc_row wpb_row  default-style fullwidth rt-9533414\">\n\t\n\t<div class=\"content_row_wrapper  default\">\n\t<div class=\"vc_col-sm-12 wpb_column vc_column_container rt-column-container\">\n\t<div class=\"vc_column-inner rt-column-inner\">\n\t\t<div class=\"wpb_wrapper rt-wrapper\">\n\t\t\t\n\t<div class=\"wpb_text_column wpb_content_element\" >\n\t\t<div class=\"wpb_wrapper\">\n\t\t\t<h2>Os nossos servi\u00e7os de Mentor<br \/>\nCoaching e Supervis\u00e3o em Coaching<\/h2>\n\n\t\t<\/div>\n\t<\/div>\n\n\t\t<\/div>\n\t<\/div>\n\t<\/div>\n\n<\/div>\n<\/div>\n\n<div  class=\"content_row row bg_not_mobile vc_row wpb_row  default-style fullwidth rt-9468804\">\n\t\n\t<div class=\"content_row_wrapper  default\"><div class=\"center vc_col-sm-6 wpb_column vc_column_container rt-6328389 rt-column-container\">\n\t<div class=\"vc_column-inner rt-column-inner\">\n\t\t<div class=\"wpb_wrapper rt-wrapper\">\n\t\t\t\n\t<div  class=\"wpb_single_image wpb_content_element vc_align_center\">\n\t\t\n\t\t<figure class=\"wpb_wrapper vc_figure\">\n\t\t\t<div class=\"vc_single_image-wrapper   vc_box_border_grey\"><img decoding=\"async\" class=\"vc_single_image-img\" src=\"https:\/\/helenaanjos.com\/wp-content\/uploads\/2020\/08\/mentor_coaching.jpg\" width=\"256\" height=\"110\" alt=\"mentor_coaching\" title=\"mentor_coaching\" \/><\/div>\n\t\t<\/figure>\n\t<\/div>\n\n\t<div class=\"wpb_text_column wpb_content_element\" >\n\t\t<div class=\"wpb_wrapper\">\n\t\t\t<p>Desenvolvimento das compet\u00eancias de Coaching, na qual o Coach recebe <em>feedback<\/em> sobre o seu desempenho.<\/p>\n\n\t\t<\/div>\n\t<\/div>\n<a href=\"\/en_en\/mentor-coaching\/\" target=\"_self\" title=\"LEARN MORE\" class=\"read_more see-more-bt-text-black text small rt-6322291 aligncenter\"><span>LEARN MORE<\/span><\/a>\n\t\t<\/div>\n\t<\/div>\n\t<\/div>\n\n\t<div class=\"center vc_col-sm-6 wpb_column vc_column_container rt-1526682 rt-column-container\">\n\t<div class=\"vc_column-inner rt-column-inner\">\n\t\t<div class=\"wpb_wrapper rt-wrapper\">\n\t\t\t\n\t<div  class=\"wpb_single_image wpb_content_element vc_align_center\">\n\t\t\n\t\t<figure class=\"wpb_wrapper vc_figure\">\n\t\t\t<div class=\"vc_single_image-wrapper   vc_box_border_grey\"><img loading=\"lazy\" decoding=\"async\" class=\"vc_single_image-img\" src=\"https:\/\/helenaanjos.com\/wp-content\/uploads\/2020\/08\/supervisao_em_coaching.jpg\" width=\"256\" height=\"110\" alt=\"supervisao_em_coaching\" title=\"supervisao_em_coaching\" \/><\/div>\n\t\t<\/figure>\n\t<\/div>\n\n\t<div class=\"wpb_text_column wpb_content_element\" >\n\t\t<div class=\"wpb_wrapper\">\n\t\t\t<p>Foca-se no desenvolvimento do Coach, que em cada sess\u00e3o reflete sobre a sua pr\u00e1tica.<\/p>\n\n\t\t<\/div>\n\t<\/div>\n<a href=\"\/en_en\/supervisao-em-coaching\/\" target=\"_self\" title=\"LEARN MORE\" class=\"read_more see-more-bt-text-black text small rt-5718759 aligncenter\"><span>LEARN MORE<\/span><\/a>\n\t\t<\/div>\n\t<\/div>\n\t<\/div>\n<\/div>\n<\/div>","protected":false},"excerpt":{"rendered":"MENTOR COACHING E SUPERVIS\u00c3O EM COACHING O Mentor Coaching e a Supervis\u00e3o em Coaching s\u00e3o atividades que se complementam para apoiar o desenvolvimento do Coach, mas t\u00eam focos diferentes. De acordo com a ICF, o Mentor Coach foca-se especificamente no desenvolvimento das compet\u00eancias de Coaching, a partir da observa\u00e7\u00e3o e\/ou escuta de uma sess\u00e3o. Assim, [...]","protected":false},"author":1,"featured_media":0,"parent":0,"menu_order":0,"comment_status":"closed","ping_status":"closed","template":"","meta":{"footnotes":""},"class_list":["post-4966","page","type-page","status-publish","hentry"],"_links":{"self":[{"href":"https:\/\/helenaanjos.com\/en_en\/wp-json\/wp\/v2\/pages\/4966","targetHints":{"allow":["GET"]}}],"collection":[{"href":"https:\/\/helenaanjos.com\/en_en\/wp-json\/wp\/v2\/pages"}],"about":[{"href":"https:\/\/helenaanjos.com\/en_en\/wp-json\/wp\/v2\/types\/page"}],"author":[{"embeddable":true,"href":"https:\/\/helenaanjos.com\/en_en\/wp-json\/wp\/v2\/users\/1"}],"replies":[{"embeddable":true,"href":"https:\/\/helenaanjos.com\/en_en\/wp-json\/wp\/v2\/comments?post=4966"}],"version-history":[{"count":19,"href":"https:\/\/helenaanjos.com\/en_en\/wp-json\/wp\/v2\/pages\/4966\/revisions"}],"predecessor-version":[{"id":4978,"href":"https:\/\/helenaanjos.com\/en_en\/wp-json\/wp\/v2\/pages\/4966\/revisions\/4978"}],"wp:attachment":[{"href":"https:\/\/helenaanjos.com\/en_en\/wp-json\/wp\/v2\/media?parent=4966"}],"curies":[{"name":"wp","href":"https:\/\/api.w.org\/{rel}","templated":true}]}}