{"id":4231,"date":"2017-07-25T19:51:14","date_gmt":"2017-07-25T19:51:14","guid":{"rendered":"http:\/\/businesslounge-demo.rtthemes.com\/?page_id=4231"},"modified":"2020-09-09T14:34:47","modified_gmt":"2020-09-09T14:34:47","slug":"404-page-not-found","status":"publish","type":"page","link":"https:\/\/helenaanjos.com\/en_en\/404-page-not-found\/","title":{"rendered":"404 &#8211; Page Not Found"},"content":{"rendered":"<div  class=\"content_row row vc_row wpb_row  default-style fullwidth rt-flex-wrapper full-height-row align-columns column-align-middle rt-2854583\">\n\t\n\t<div class=\"content_row_wrapper  default\">\n\t<div class=\"vc_col-sm-12 wpb_column vc_column_container rt-column-container\">\n\t<div class=\"vc_column-inner rt-column-inner\">\n\t\t<div class=\"wpb_wrapper rt-wrapper\">\n\t\t\t<div class=\"rt-heading-wrapper text-center rt-2439515\">\n\t\t\t\t\t\t<h1 class=\"rt-heading\" >Ocorreu um erro<\/h1>\n\t\t\t\t\t<\/div><div class=\"rt-heading-wrapper text-center rt-7212522\">\n\t\t\t\t\t\t<p class=\"rt-heading heading-font\" >A p\u00e1gina que procura n\u00e3o existe.<\/p>\n\t\t\t\t\t<\/div><div class=\"vc_empty_space\"   style=\"height: 32px\"><span class=\"vc_empty_space_inner\"><\/span><\/div><div class=\"button_wrapper  aligncenter rounded\"><a href=\"\/en_en\/\" target=\"_self\" title=\"REGRESSAR \u00c0 HOMEPAGE\" class=\"button_  heading-font style-1 big rt-8447177\"><span><span class=\"button-icon icon-left-open-1\"><\/span><span>REGRESSAR \u00c0 HOMEPAGE<\/span><\/span><\/a><\/div>\n\t\t<\/div>\n\t<\/div>\n\t<\/div>\n\n<\/div>\n<\/div>","protected":false},"excerpt":{"rendered":"Ocorreu um erro A p\u00e1gina que procura n\u00e3o existe. REGRESSAR \u00c0 HOMEPAGE","protected":false},"author":1,"featured_media":0,"parent":0,"menu_order":0,"comment_status":"closed","ping_status":"closed","template":"","meta":{"footnotes":""},"class_list":["post-4231","page","type-page","status-publish","hentry"],"_links":{"self":[{"href":"https:\/\/helenaanjos.com\/en_en\/wp-json\/wp\/v2\/pages\/4231","targetHints":{"allow":["GET"]}}],"collection":[{"href":"https:\/\/helenaanjos.com\/en_en\/wp-json\/wp\/v2\/pages"}],"about":[{"href":"https:\/\/helenaanjos.com\/en_en\/wp-json\/wp\/v2\/types\/page"}],"author":[{"embeddable":true,"href":"https:\/\/helenaanjos.com\/en_en\/wp-json\/wp\/v2\/users\/1"}],"replies":[{"embeddable":true,"href":"https:\/\/helenaanjos.com\/en_en\/wp-json\/wp\/v2\/comments?post=4231"}],"version-history":[{"count":1,"href":"https:\/\/helenaanjos.com\/en_en\/wp-json\/wp\/v2\/pages\/4231\/revisions"}],"predecessor-version":[{"id":5640,"href":"https:\/\/helenaanjos.com\/en_en\/wp-json\/wp\/v2\/pages\/4231\/revisions\/5640"}],"wp:attachment":[{"href":"https:\/\/helenaanjos.com\/en_en\/wp-json\/wp\/v2\/media?parent=4231"}],"curies":[{"name":"wp","href":"https:\/\/api.w.org\/{rel}","templated":true}]}}