{"id":4176,"date":"2017-07-02T05:07:58","date_gmt":"2017-07-02T05:07:58","guid":{"rendered":"http:\/\/businesslounge-demo.rtthemes.com\/?page_id=4176"},"modified":"2020-09-09T14:36:44","modified_gmt":"2020-09-09T14:36:44","slug":"under-construction","status":"publish","type":"page","link":"https:\/\/helenaanjos.com\/en_en\/under-construction\/","title":{"rendered":"Under Construction"},"content":{"rendered":"<div  class=\"content_row row vc_row wpb_row  default-style fullwidth rt-flex-wrapper full-height-row align-columns column-align-middle rt-6627616\">\n\t\n\t<div class=\"content_row_wrapper  default\">\n\t<div class=\"vc_col-sm-12 wpb_column vc_column_container rt-8236413 text-center rt-column-container\">\n\t<div class=\"vc_column-inner rt-column-inner\">\n\t\t<div class=\"wpb_wrapper rt-wrapper\">\n\t\t\t\n\t<div  class=\"wpb_single_image wpb_content_element vc_align_center\">\n\t\t\n\t\t<figure class=\"wpb_wrapper vc_figure\">\n\t\t\t<div class=\"vc_single_image-wrapper   vc_box_border_grey\"><img decoding=\"async\" width=\"150\" height=\"46\" src=\"https:\/\/helenaanjos.com\/wp-content\/uploads\/2020\/08\/logo-black.png\" class=\"vc_single_image-img attachment-full\" alt=\"\" srcset=\"https:\/\/helenaanjos.com\/wp-content\/uploads\/2020\/08\/logo-black.png 150w, https:\/\/helenaanjos.com\/wp-content\/uploads\/2020\/08\/logo-black-75x23.png 75w\" sizes=\"(max-width: 150px) 100vw, 150px\" \/><\/div>\n\t\t<\/figure>\n\t<\/div>\n<div class=\"rt-heading-wrapper text-center mobile-text-center rt-5727481\">\n\t\t\t\t\t\t<h1 class=\"rt-heading\"  data-maxfont-size=\"80\" data-minfont-size=\"40\">Em manuten\u00e7\u00e3o<\/h1>\n\t\t\t\t\t<\/div><div class=\"rt-heading-wrapper rt-1466377\">\n\t\t\t\t\t\t<h6 class=\"rt-heading secondary-font\" >O nosso site encontra-se em manuten\u00e7\u00e3o. Prometemos ser breves. Obrigado.<\/h6>\n\t\t\t\t\t<\/div><div class=\"vc_separator wpb_content_element vc_separator_align_center vc_sep_width_100 vc_sep_style-3 vc_sep_pos_align_center vc_separator_no_text\" ><span class=\"vc_sep_holder vc_sep_holder_l\"><span  class=\"vc_sep_line\"><\/span><\/span><span class=\"vc_sep_holder vc_sep_holder_r\"><span  class=\"vc_sep_line\"><\/span><\/span>\n<\/div>\n\t\t<\/div>\n\t<\/div>\n\t<\/div>\n\n<\/div>\n<\/div>","protected":false},"excerpt":{"rendered":"Em manuten\u00e7\u00e3o O nosso site encontra-se em manuten\u00e7\u00e3o. Prometemos ser breves. Obrigado.","protected":false},"author":1,"featured_media":0,"parent":0,"menu_order":0,"comment_status":"closed","ping_status":"closed","template":"template-blank-page.php","meta":{"footnotes":""},"class_list":["post-4176","page","type-page","status-publish","hentry"],"_links":{"self":[{"href":"https:\/\/helenaanjos.com\/en_en\/wp-json\/wp\/v2\/pages\/4176","targetHints":{"allow":["GET"]}}],"collection":[{"href":"https:\/\/helenaanjos.com\/en_en\/wp-json\/wp\/v2\/pages"}],"about":[{"href":"https:\/\/helenaanjos.com\/en_en\/wp-json\/wp\/v2\/types\/page"}],"author":[{"embeddable":true,"href":"https:\/\/helenaanjos.com\/en_en\/wp-json\/wp\/v2\/users\/1"}],"replies":[{"embeddable":true,"href":"https:\/\/helenaanjos.com\/en_en\/wp-json\/wp\/v2\/comments?post=4176"}],"version-history":[{"count":5,"href":"https:\/\/helenaanjos.com\/en_en\/wp-json\/wp\/v2\/pages\/4176\/revisions"}],"predecessor-version":[{"id":5642,"href":"https:\/\/helenaanjos.com\/en_en\/wp-json\/wp\/v2\/pages\/4176\/revisions\/5642"}],"wp:attachment":[{"href":"https:\/\/helenaanjos.com\/en_en\/wp-json\/wp\/v2\/media?parent=4176"}],"curies":[{"name":"wp","href":"https:\/\/api.w.org\/{rel}","templated":true}]}}